{"id":3244,"date":"2017-09-18T14:31:32","date_gmt":"2017-09-18T14:31:32","guid":{"rendered":"http:\/\/divibusinesspro.aspengrovestudios.space\/?page_id=45"},"modified":"2024-06-24T13:07:54","modified_gmt":"2024-06-24T13:07:54","slug":"homepage-1","status":"publish","type":"page","link":"https:\/\/pro.bandofboats.com\/fr\/","title":{"rendered":"Accueil"},"content":{"rendered":"<p>[et_pb_section fb_built=\u00a0\u00bb1&Prime; fullwidth=\u00a0\u00bbon\u00a0\u00bb _builder_version=\u00a0\u00bb4.16&Prime; _module_preset=\u00a0\u00bbdefault\u00a0\u00bb background_color=\u00a0\u00bb#ffffff\u00a0\u00bb global_colors_info=\u00a0\u00bb{}\u00a0\u00bb][et_pb_fullwidth_slider _builder_version=\u00a0\u00bb4.22.0&Prime; _module_preset=\u00a0\u00bbdefault\u00a0\u00bb header_level=\u00a0\u00bbh1&Prime; height=\u00a0\u00bb579px\u00a0\u00bb custom_padding=\u00a0\u00bb||||false|false\u00a0\u00bb header_font_size_tablet=\u00a0\u00bb\u00a0\u00bb header_font_size_phone=\u00a0\u00bb20px\u00a0\u00bb header_font_size_last_edited=\u00a0\u00bbon|phone\u00a0\u00bb global_colors_info=\u00a0\u00bb{}\u00a0\u00bb][et_pb_slide heading=\u00a0\u00bbNos offres pour les professionnels de la vente de bateaux\u00a0\u00bb button_text=\u00a0\u00bbDemandez une d\u00e9monstration\u00a0\u00bb button_link=\u00a0\u00bb\/contact\u00a0\u00bb _builder_version=\u00a0\u00bb4.22.0&Prime; _module_preset=\u00a0\u00bbdefault\u00a0\u00bb header_level=\u00a0\u00bbh1&Prime; header_font=\u00a0\u00bb|700|||||||\u00a0\u00bb header_font_size=\u00a0\u00bb55px\u00a0\u00bb body_font_size=\u00a0\u00bb23px\u00a0\u00bb body_line_height=\u00a0\u00bb2.2em\u00a0\u00bb background_color=\u00a0\u00bbrgba(0,0,0,0.54)\u00a0\u00bb background_enable_color=\u00a0\u00bbon\u00a0\u00bb background_image=\u00a0\u00bbhttps:\/\/pro.bandofboats.com\/wp-content\/uploads\/2021\/09\/professionnel-vente-bateau-voilier.jpg\u00a0\u00bb background_enable_image=\u00a0\u00bbon\u00a0\u00bb background_blend=\u00a0\u00bboverlay\u00a0\u00bb custom_button=\u00a0\u00bbon\u00a0\u00bb button_text_size=\u00a0\u00bb16px\u00a0\u00bb button_text_color=\u00a0\u00bb#ffffff\u00a0\u00bb button_bg_color=\u00a0\u00bb#ff3944&Prime; button_border_width=\u00a0\u00bb0px\u00a0\u00bb button_border_radius=\u00a0\u00bb5px\u00a0\u00bb button_font=\u00a0\u00bbSource Sans Pro||||||||\u00a0\u00bb button_custom_margin=\u00a0\u00bb50px||||false|false\u00a0\u00bb custom_padding=\u00a0\u00bb||||false|false\u00a0\u00bb header_font_size_tablet=\u00a0\u00bb\u00a0\u00bb header_font_size_phone=\u00a0\u00bb30px\u00a0\u00bb header_font_size_last_edited=\u00a0\u00bbon|phone\u00a0\u00bb global_colors_info=\u00a0\u00bb{}\u00a0\u00bb sticky_transition=\u00a0\u00bbon\u00a0\u00bb]<\/p>\n<p>D\u00e9couvrez les services Band of Boats pour la vente de bateaux d&rsquo;occasion et neufs sur stock en ligne<\/p>\n<p>[\/et_pb_slide][\/et_pb_fullwidth_slider][\/et_pb_section][et_pb_section fb_built=\u00a0\u00bb1&Prime; _builder_version=\u00a0\u00bb4.16&Prime; _module_preset=\u00a0\u00bbdefault\u00a0\u00bb background_color=\u00a0\u00bb#063462&Prime; custom_margin=\u00a0\u00bb||||false|false\u00a0\u00bb custom_padding=\u00a0\u00bb18px||0px||false|false\u00a0\u00bb global_colors_info=\u00a0\u00bb{}\u00a0\u00bb][et_pb_row column_structure=\u00a0\u00bb1_4,1_4,1_4,1_4&Prime; _builder_version=\u00a0\u00bb4.16&Prime; _module_preset=\u00a0\u00bbdefault\u00a0\u00bb global_colors_info=\u00a0\u00bb{}\u00a0\u00bb][et_pb_column type=\u00a0\u00bb1_4&Prime; _builder_version=\u00a0\u00bb4.16&Prime; _module_preset=\u00a0\u00bbdefault\u00a0\u00bb global_colors_info=\u00a0\u00bb{}\u00a0\u00bb][et_pb_number_counter title=\u00a0\u00bbprofessionnels nous font confiance\u00a0\u00bb number=\u00a0\u00bb659&Prime; percent_sign=\u00a0\u00bboff\u00a0\u00bb _builder_version=\u00a0\u00bb4.25.1&Prime; _module_preset=\u00a0\u00bbdefault\u00a0\u00bb title_text_color=\u00a0\u00bb#ffffff\u00a0\u00bb number_font=\u00a0\u00bb|700|||||||\u00a0\u00bb number_text_color=\u00a0\u00bb#e9f4fa\u00a0\u00bb number_font_size=\u00a0\u00bb53px\u00a0\u00bb global_colors_info=\u00a0\u00bb{}\u00a0\u00bb][\/et_pb_number_counter][\/et_pb_column][et_pb_column type=\u00a0\u00bb1_4&Prime; _builder_version=\u00a0\u00bb4.16&Prime; _module_preset=\u00a0\u00bbdefault\u00a0\u00bb global_colors_info=\u00a0\u00bb{}\u00a0\u00bb][et_pb_number_counter title=\u00a0\u00bbleads par annonce en moyenne\u00a0\u00bb number=\u00a0\u00bb6.47&Prime; percent_sign=\u00a0\u00bboff\u00a0\u00bb _builder_version=\u00a0\u00bb4.25.1&Prime; _module_preset=\u00a0\u00bbdefault\u00a0\u00bb title_text_color=\u00a0\u00bb#ffffff\u00a0\u00bb number_font=\u00a0\u00bb|700|||||||\u00a0\u00bb number_text_color=\u00a0\u00bb#e9f4fa\u00a0\u00bb number_font_size=\u00a0\u00bb53px\u00a0\u00bb global_colors_info=\u00a0\u00bb{}\u00a0\u00bb][\/et_pb_number_counter][\/et_pb_column][et_pb_column type=\u00a0\u00bb1_4&Prime; _builder_version=\u00a0\u00bb4.16&Prime; _module_preset=\u00a0\u00bbdefault\u00a0\u00bb global_colors_info=\u00a0\u00bb{}\u00a0\u00bb][et_pb_number_counter title=\u00a0\u00bbcontacts qualifi\u00e9s \/ mois\u00a0\u00bb number=\u00a0\u00bb4000&Prime; percent_sign=\u00a0\u00bboff\u00a0\u00bb _builder_version=\u00a0\u00bb4.16&Prime; _module_preset=\u00a0\u00bbdefault\u00a0\u00bb title_text_color=\u00a0\u00bb#ffffff\u00a0\u00bb number_font=\u00a0\u00bb|700|||||||\u00a0\u00bb number_text_color=\u00a0\u00bb#e9f4fa\u00a0\u00bb number_font_size=\u00a0\u00bb53px\u00a0\u00bb global_colors_info=\u00a0\u00bb{}\u00a0\u00bb][\/et_pb_number_counter][\/et_pb_column][et_pb_column type=\u00a0\u00bb1_4&Prime; _builder_version=\u00a0\u00bb4.16&Prime; _module_preset=\u00a0\u00bbdefault\u00a0\u00bb global_colors_info=\u00a0\u00bb{}\u00a0\u00bb][et_pb_number_counter title=\u00a0\u00bbpays couverts\u00a0\u00bb number=\u00a0\u00bb25&Prime; percent_sign=\u00a0\u00bboff\u00a0\u00bb _builder_version=\u00a0\u00bb4.16&Prime; _module_preset=\u00a0\u00bbdefault\u00a0\u00bb title_text_color=\u00a0\u00bb#ffffff\u00a0\u00bb number_font=\u00a0\u00bb|700|||||||\u00a0\u00bb number_text_color=\u00a0\u00bb#e9f4fa\u00a0\u00bb number_font_size=\u00a0\u00bb53px\u00a0\u00bb global_colors_info=\u00a0\u00bb{}\u00a0\u00bb][\/et_pb_number_counter][\/et_pb_column][\/et_pb_row][\/et_pb_section][et_pb_section fb_built=\u00a0\u00bb1&Prime; _builder_version=\u00a0\u00bb4.16&Prime; _module_preset=\u00a0\u00bbdefault\u00a0\u00bb background_color=\u00a0\u00bb#FFFFFF\u00a0\u00bb global_colors_info=\u00a0\u00bb{}\u00a0\u00bb][et_pb_row column_structure=\u00a0\u00bb1_2,1_2&Prime; _builder_version=\u00a0\u00bb4.16&Prime; _module_preset=\u00a0\u00bbdefault\u00a0\u00bb global_colors_info=\u00a0\u00bb{}\u00a0\u00bb][et_pb_column type=\u00a0\u00bb1_2&Prime; _builder_version=\u00a0\u00bb4.16&Prime; _module_preset=\u00a0\u00bbdefault\u00a0\u00bb global_colors_info=\u00a0\u00bb{}\u00a0\u00bb][et_pb_text _builder_version=\u00a0\u00bb4.16&Prime; _module_preset=\u00a0\u00bbdefault\u00a0\u00bb text_font=\u00a0\u00bb|600|||||||\u00a0\u00bb text_text_color=\u00a0\u00bb#ff3944&Prime; text_font_size=\u00a0\u00bb26px\u00a0\u00bb header_font_size=\u00a0\u00bb9px\u00a0\u00bb global_colors_info=\u00a0\u00bb{}\u00a0\u00bb]<\/p>\n<h2 class=\"register-pro font-h2 text-primaire text-center mb-3\" style=\"text-align: left;\"><span style=\"color: #003366;\"><b>Vous \u00eates un vendeur professionnel de bateaux ?<\/b><\/span><\/h2>\n<p>[\/et_pb_text][et_pb_text _builder_version=\u00a0\u00bb4.16&Prime; _module_preset=\u00a0\u00bbdefault\u00a0\u00bb global_colors_info=\u00a0\u00bb{}\u00a0\u00bb]<\/p>\n<h5 class=\"register-pro font-subtitle text-steelblue text-center mb-8\">Bienvenue \u00e0 bord ! Notre \u00e9quipe est l\u00e0 pour vous accompagner et vous aider \u00e0 vendre vos bateaux en ligne. B\u00e9n\u00e9ficiez d&rsquo;un suivi personnalis\u00e9 et adapt\u00e9 \u00e0 votre activit\u00e9.<\/h5>\n<h5 class=\"register-pro font-subtitle text-steelblue text-center mb-8\">D\u00e9couvrez nos services d\u00e9di\u00e9s aux professionnels et\u00a0 cr\u00e9ez votre compte professionnel.<\/h5>\n<p>[\/et_pb_text][et_pb_button button_url=\u00a0\u00bbhttps:\/\/www.bandofboats.com\/fr\/account\/profile\u00a0\u00bb button_text=\u00a0\u00bbJe cr\u00e9\u00e9 mon compte professionnel\u00a0\u00bb button_alignment=\u00a0\u00bbleft\u00a0\u00bb _builder_version=\u00a0\u00bb4.16&Prime; _module_preset=\u00a0\u00bbdefault\u00a0\u00bb custom_button=\u00a0\u00bbon\u00a0\u00bb button_text_size=\u00a0\u00bb16px\u00a0\u00bb button_text_color=\u00a0\u00bb#ffffff\u00a0\u00bb button_bg_color=\u00a0\u00bb#063462&Prime; button_border_width=\u00a0\u00bb0px\u00a0\u00bb button_border_radius=\u00a0\u00bb5px\u00a0\u00bb global_colors_info=\u00a0\u00bb{}\u00a0\u00bb][\/et_pb_button][\/et_pb_column][et_pb_column type=\u00a0\u00bb1_2&Prime; _builder_version=\u00a0\u00bb4.16&Prime; _module_preset=\u00a0\u00bbdefault\u00a0\u00bb global_colors_info=\u00a0\u00bb{}\u00a0\u00bb][et_pb_image src=\u00a0\u00bbhttps:\/\/pro.bandofboats.com\/wp-content\/uploads\/2021\/09\/offres-professionnels-vente-bateaux.png\u00a0\u00bb title_text=\u00a0\u00bboffres-professionnels-vente-bateaux\u00a0\u00bb _builder_version=\u00a0\u00bb4.16&Prime; _module_preset=\u00a0\u00bbdefault\u00a0\u00bb global_colors_info=\u00a0\u00bb{}\u00a0\u00bb][\/et_pb_image][\/et_pb_column][\/et_pb_row][\/et_pb_section][et_pb_section fb_built=\u00a0\u00bb1&Prime; _builder_version=\u00a0\u00bb4.16&Prime; _module_preset=\u00a0\u00bbdefault\u00a0\u00bb background_color=\u00a0\u00bb#e9f4fa\u00a0\u00bb global_colors_info=\u00a0\u00bb{}\u00a0\u00bb][et_pb_row _builder_version=\u00a0\u00bb4.16&Prime; _module_preset=\u00a0\u00bbdefault\u00a0\u00bb global_colors_info=\u00a0\u00bb{}\u00a0\u00bb][et_pb_column type=\u00a0\u00bb4_4&Prime; _builder_version=\u00a0\u00bb4.16&Prime; _module_preset=\u00a0\u00bbdefault\u00a0\u00bb global_colors_info=\u00a0\u00bb{}\u00a0\u00bb][et_pb_text _builder_version=\u00a0\u00bb4.16&Prime; _module_preset=\u00a0\u00bbdefault\u00a0\u00bb text_font=\u00a0\u00bb|600|||||||\u00a0\u00bb text_text_color=\u00a0\u00bb#ff3944&Prime; text_font_size=\u00a0\u00bb26px\u00a0\u00bb global_colors_info=\u00a0\u00bb{}\u00a0\u00bb]<\/p>\n<h2><strong><span style=\"color: #063264;\">Comment vendre<\/span> <span style=\"color: #ff3944;\">vos bateaux sur Band of Boats ?<\/span><\/strong><\/h2>\n<p>[\/et_pb_text][\/et_pb_column][\/et_pb_row][et_pb_row column_structure=\u00a0\u00bb1_3,1_3,1_3&Prime; _builder_version=\u00a0\u00bb4.16&Prime; _module_preset=\u00a0\u00bbdefault\u00a0\u00bb global_colors_info=\u00a0\u00bb{}\u00a0\u00bb][et_pb_column type=\u00a0\u00bb1_3&Prime; _builder_version=\u00a0\u00bb4.16&Prime; _module_preset=\u00a0\u00bbdefault\u00a0\u00bb global_colors_info=\u00a0\u00bb{}\u00a0\u00bb][et_pb_image src=\u00a0\u00bbhttps:\/\/pro.bandofboats.com\/wp-content\/uploads\/2021\/09\/vente-bateaux-moteurs-voiliers-port.png\u00a0\u00bb title_text=\u00a0\u00bbvente-bateaux-moteurs-voiliers-port\u00a0\u00bb _builder_version=\u00a0\u00bb4.16&Prime; _module_preset=\u00a0\u00bbdefault\u00a0\u00bb global_colors_info=\u00a0\u00bb{}\u00a0\u00bb][\/et_pb_image][\/et_pb_column][et_pb_column type=\u00a0\u00bb1_3&Prime; _builder_version=\u00a0\u00bb4.16&Prime; _module_preset=\u00a0\u00bbdefault\u00a0\u00bb global_colors_info=\u00a0\u00bb{}\u00a0\u00bb][et_pb_text _builder_version=\u00a0\u00bb4.16&Prime; _module_preset=\u00a0\u00bbdefault\u00a0\u00bb global_colors_info=\u00a0\u00bb{}\u00a0\u00bb]<\/p>\n<h4><strong><span style=\"color: #003366;\">En seulement quelques \u00e9tapes<\/span><\/strong><\/h4>\n<p><span style=\"color: #003366;\"><strong>1.<\/strong>\u00a0Cr\u00e9ez votre compte en tant que professionnel de la vente de bateaux.<\/span><\/p>\n<p><span style=\"color: #003366;\"><strong>2.<\/strong> Notre \u00e9quipe commerciale va prendre contact avec vous pour finaliser votre inscription et choisir les services adapt\u00e9s \u00e0 votre activit\u00e9.<\/span><\/p>\n<p><span style=\"color: #003366;\"><strong>3.<\/strong> Publiez vos annonces manuellement ou demandez la mise en place d&rsquo;un import automatique de vos annonces.<\/span><\/p>\n<p><span style=\"color: #003366;\"><strong>4.<\/strong> Compl\u00e9tez votre page professionnelle et g\u00e9rez les demandes clients depuis votre tableau de bord.<\/span><\/p>\n<p>[\/et_pb_text][\/et_pb_column][et_pb_column type=\u00a0\u00bb1_3&Prime; _builder_version=\u00a0\u00bb4.16&Prime; _module_preset=\u00a0\u00bbdefault\u00a0\u00bb global_colors_info=\u00a0\u00bb{}\u00a0\u00bb][et_pb_text _builder_version=\u00a0\u00bb4.25.2&Prime; _module_preset=\u00a0\u00bbdefault\u00a0\u00bb hover_enabled=\u00a0\u00bb0&Prime; global_colors_info=\u00a0\u00bb{}\u00a0\u00bb sticky_enabled=\u00a0\u00bb0&Prime;]<\/p>\n<h4><strong><span style=\"color: #003366;\">Vous avez des interrogations ? <\/span><\/strong><\/h4>\n<p><span style=\"color: #003366;\">Notre \u00e9quipe est \u00e0 votre disposition pour r\u00e9pondre \u00e0 toutes vos questions. <\/span><\/p>\n<p><span style=\"color: #003366;\">Par e-mail : <strong><a href=\"mailto:contact@bandofboats.com\" style=\"color: #003366;\">contact@bandofboats.com<\/a><\/strong><\/span><\/p>\n<p>[\/et_pb_text][et_pb_button button_url=\u00a0\u00bb@ET-DC@eyJkeW5hbWljIjp0cnVlLCJjb250ZW50IjoicG9zdF9saW5rX3VybF9wYWdlIiwic2V0dGluZ3MiOnsicG9zdF9pZCI6IjM0MjgifX0=@\u00a0\u00bb button_text=\u00a0\u00bbContactez-nous\u00a0\u00bb button_alignment=\u00a0\u00bbleft\u00a0\u00bb _builder_version=\u00a0\u00bb4.24.3&Prime; _dynamic_attributes=\u00a0\u00bbbutton_url\u00a0\u00bb _module_preset=\u00a0\u00bbdefault\u00a0\u00bb custom_button=\u00a0\u00bbon\u00a0\u00bb button_text_size=\u00a0\u00bb16px\u00a0\u00bb button_text_color=\u00a0\u00bb#ffffff\u00a0\u00bb button_bg_color=\u00a0\u00bb#063462&Prime; button_border_width=\u00a0\u00bb0px\u00a0\u00bb button_border_radius=\u00a0\u00bb5px\u00a0\u00bb button_letter_spacing_tablet=\u00a0\u00bb\u00a0\u00bb button_letter_spacing_phone=\u00a0\u00bb\u00a0\u00bb button_letter_spacing_last_edited=\u00a0\u00bbon|desktop\u00a0\u00bb global_colors_info=\u00a0\u00bb{}\u00a0\u00bb][\/et_pb_button][\/et_pb_column][\/et_pb_row][\/et_pb_section]<\/p>\n","protected":false},"excerpt":{"rendered":"<p>D\u00e9couvrez les services Band of Boats pour la vente de bateaux d&rsquo;occasion et neufs sur stock en ligneVous \u00eates un vendeur professionnel de bateaux ?Bienvenue \u00e0 bord ! Notre \u00e9quipe est l\u00e0 pour vous accompagner et vous aider \u00e0 vendre vos bateaux en ligne. B\u00e9n\u00e9ficiez d&rsquo;un suivi personnalis\u00e9 et adapt\u00e9 \u00e0 votre activit\u00e9. D\u00e9couvrez nos [&hellip;]<\/p>\n","protected":false},"author":1,"featured_media":0,"parent":0,"menu_order":0,"comment_status":"closed","ping_status":"closed","template":"","meta":{"_et_pb_use_builder":"on","_et_pb_old_content":"","_et_gb_content_width":"","footnotes":""},"class_list":["post-3244","page","type-page","status-publish","hentry"],"yoast_head":"<!-- This site is optimized with the Yoast SEO plugin v27.5 - https:\/\/yoast.com\/product\/yoast-seo-wordpress\/ -->\n<title>Solutions pour les professionnels de la vente de bateaux - Band of Boats<\/title>\n<meta name=\"description\" content=\"Band of Boats accompagne les professionnels de la vente de bateaux pour diffuser leur annonces et vendre efficacement.\" \/>\n<meta name=\"robots\" content=\"index, follow, max-snippet:-1, max-image-preview:large, max-video-preview:-1\" \/>\n<link rel=\"canonical\" href=\"https:\/\/pro.bandofboats.com\/fr\/\" \/>\n<meta property=\"og:locale\" content=\"fr_FR\" \/>\n<meta property=\"og:type\" content=\"article\" \/>\n<meta property=\"og:title\" content=\"Band of Boats - Nos offres pour les professionnels\" \/>\n<meta property=\"og:description\" content=\"D\u00e9couvrez nos offres d\u00e9di\u00e9es aux professionnels de la vente de bateaux.\" \/>\n<meta property=\"og:url\" content=\"https:\/\/pro.bandofboats.com\/fr\/\" \/>\n<meta property=\"og:site_name\" content=\"Band of Boats - Nos offres pour les professionnels\" \/>\n<meta property=\"article:modified_time\" content=\"2024-06-24T13:07:54+00:00\" \/>\n<meta name=\"twitter:card\" content=\"summary_large_image\" \/>\n<meta name=\"twitter:label1\" content=\"Dur\u00e9e de lecture estim\u00e9e\" \/>\n\t<meta name=\"twitter:data1\" content=\"2 minutes\" \/>\n<script type=\"application\/ld+json\" class=\"yoast-schema-graph\">{\"@context\":\"https:\\\/\\\/schema.org\",\"@graph\":[{\"@type\":\"WebPage\",\"@id\":\"https:\\\/\\\/pro.bandofboats.com\\\/fr\\\/\",\"url\":\"https:\\\/\\\/pro.bandofboats.com\\\/fr\\\/\",\"name\":\"Solutions pour les professionnels de la vente de bateaux - Band of Boats\",\"isPartOf\":{\"@id\":\"https:\\\/\\\/pro.bandofboats.com\\\/fr\\\/#website\"},\"datePublished\":\"2017-09-18T14:31:32+00:00\",\"dateModified\":\"2024-06-24T13:07:54+00:00\",\"description\":\"Band of Boats accompagne les professionnels de la vente de bateaux pour diffuser leur annonces et vendre efficacement.\",\"breadcrumb\":{\"@id\":\"https:\\\/\\\/pro.bandofboats.com\\\/fr\\\/#breadcrumb\"},\"inLanguage\":\"fr-FR\",\"potentialAction\":[{\"@type\":\"ReadAction\",\"target\":[\"https:\\\/\\\/pro.bandofboats.com\\\/fr\\\/\"]}]},{\"@type\":\"BreadcrumbList\",\"@id\":\"https:\\\/\\\/pro.bandofboats.com\\\/fr\\\/#breadcrumb\",\"itemListElement\":[{\"@type\":\"ListItem\",\"position\":1,\"name\":\"Accueil\",\"item\":\"https:\\\/\\\/pro.bandofboats.com\\\/fr\\\/\"},{\"@type\":\"ListItem\",\"position\":2,\"name\":\"Accueil\"}]},{\"@type\":\"WebSite\",\"@id\":\"https:\\\/\\\/pro.bandofboats.com\\\/fr\\\/#website\",\"url\":\"https:\\\/\\\/pro.bandofboats.com\\\/fr\\\/\",\"name\":\"Band of Boats - Nos offres pour les professionnels\",\"description\":\"\",\"potentialAction\":[{\"@type\":\"SearchAction\",\"target\":{\"@type\":\"EntryPoint\",\"urlTemplate\":\"https:\\\/\\\/pro.bandofboats.com\\\/fr\\\/?s={search_term_string}\"},\"query-input\":{\"@type\":\"PropertyValueSpecification\",\"valueRequired\":true,\"valueName\":\"search_term_string\"}}],\"inLanguage\":\"fr-FR\"}]}<\/script>\n<!-- \/ Yoast SEO plugin. -->","yoast_head_json":{"title":"Solutions pour les professionnels de la vente de bateaux - Band of Boats","description":"Band of Boats accompagne les professionnels de la vente de bateaux pour diffuser leur annonces et vendre efficacement.","robots":{"index":"index","follow":"follow","max-snippet":"max-snippet:-1","max-image-preview":"max-image-preview:large","max-video-preview":"max-video-preview:-1"},"canonical":"https:\/\/pro.bandofboats.com\/fr\/","og_locale":"fr_FR","og_type":"article","og_title":"Band of Boats - Nos offres pour les professionnels","og_description":"D\u00e9couvrez nos offres d\u00e9di\u00e9es aux professionnels de la vente de bateaux.","og_url":"https:\/\/pro.bandofboats.com\/fr\/","og_site_name":"Band of Boats - Nos offres pour les professionnels","article_modified_time":"2024-06-24T13:07:54+00:00","twitter_card":"summary_large_image","twitter_misc":{"Dur\u00e9e de lecture estim\u00e9e":"2 minutes"},"schema":{"@context":"https:\/\/schema.org","@graph":[{"@type":"WebPage","@id":"https:\/\/pro.bandofboats.com\/fr\/","url":"https:\/\/pro.bandofboats.com\/fr\/","name":"Solutions pour les professionnels de la vente de bateaux - Band of Boats","isPartOf":{"@id":"https:\/\/pro.bandofboats.com\/fr\/#website"},"datePublished":"2017-09-18T14:31:32+00:00","dateModified":"2024-06-24T13:07:54+00:00","description":"Band of Boats accompagne les professionnels de la vente de bateaux pour diffuser leur annonces et vendre efficacement.","breadcrumb":{"@id":"https:\/\/pro.bandofboats.com\/fr\/#breadcrumb"},"inLanguage":"fr-FR","potentialAction":[{"@type":"ReadAction","target":["https:\/\/pro.bandofboats.com\/fr\/"]}]},{"@type":"BreadcrumbList","@id":"https:\/\/pro.bandofboats.com\/fr\/#breadcrumb","itemListElement":[{"@type":"ListItem","position":1,"name":"Accueil","item":"https:\/\/pro.bandofboats.com\/fr\/"},{"@type":"ListItem","position":2,"name":"Accueil"}]},{"@type":"WebSite","@id":"https:\/\/pro.bandofboats.com\/fr\/#website","url":"https:\/\/pro.bandofboats.com\/fr\/","name":"Band of Boats - Nos offres pour les professionnels","description":"","potentialAction":[{"@type":"SearchAction","target":{"@type":"EntryPoint","urlTemplate":"https:\/\/pro.bandofboats.com\/fr\/?s={search_term_string}"},"query-input":{"@type":"PropertyValueSpecification","valueRequired":true,"valueName":"search_term_string"}}],"inLanguage":"fr-FR"}]}},"_links":{"self":[{"href":"https:\/\/pro.bandofboats.com\/fr\/wp-json\/wp\/v2\/pages\/3244","targetHints":{"allow":["GET"]}}],"collection":[{"href":"https:\/\/pro.bandofboats.com\/fr\/wp-json\/wp\/v2\/pages"}],"about":[{"href":"https:\/\/pro.bandofboats.com\/fr\/wp-json\/wp\/v2\/types\/page"}],"author":[{"embeddable":true,"href":"https:\/\/pro.bandofboats.com\/fr\/wp-json\/wp\/v2\/users\/1"}],"replies":[{"embeddable":true,"href":"https:\/\/pro.bandofboats.com\/fr\/wp-json\/wp\/v2\/comments?post=3244"}],"version-history":[{"count":5,"href":"https:\/\/pro.bandofboats.com\/fr\/wp-json\/wp\/v2\/pages\/3244\/revisions"}],"predecessor-version":[{"id":5763,"href":"https:\/\/pro.bandofboats.com\/fr\/wp-json\/wp\/v2\/pages\/3244\/revisions\/5763"}],"wp:attachment":[{"href":"https:\/\/pro.bandofboats.com\/fr\/wp-json\/wp\/v2\/media?parent=3244"}],"curies":[{"name":"wp","href":"https:\/\/api.w.org\/{rel}","templated":true}]}}