{"id":3609,"date":"2021-01-13T15:30:27","date_gmt":"2021-01-13T15:30:27","guid":{"rendered":"https:\/\/pro.bandofboats.com\/band-of-boats-el-sitio-web-dedicado-a-los-profesionales\/"},"modified":"2024-06-24T13:10:38","modified_gmt":"2024-06-24T13:10:38","slug":"band-of-boats-el-sitio-web-dedicado-a-los-profesionales","status":"publish","type":"page","link":"https:\/\/pro.bandofboats.com\/es\/","title":{"rendered":"Inicio"},"content":{"rendered":"<p>[et_pb_section fb_built=\u00bb1&#8243; fullwidth=\u00bbon\u00bb _builder_version=\u00bb4.16&#8243; _module_preset=\u00bbdefault\u00bb background_color=\u00bb#ffffff\u00bb global_colors_info=\u00bb{}\u00bb][et_pb_fullwidth_slider _builder_version=\u00bb4.22.0&#8243; _module_preset=\u00bbdefault\u00bb header_level=\u00bbh1&#8243; height=\u00bb579px\u00bb custom_padding=\u00bb||||false|false\u00bb header_font_size_tablet=\u00bb\u00bb header_font_size_phone=\u00bb20px\u00bb header_font_size_last_edited=\u00bbon|phone\u00bb global_colors_info=\u00bb{}\u00bb][et_pb_slide heading=\u00bbNuestras ofertas para profesionales de la venta de embarcaciones\u00bb button_text=\u00bbPide una demostraci\u00f3n\u00bb button_link=\u00bbhttps:\/\/pro.bandofboats.com\/es\/contacto\/\u00bb _builder_version=\u00bb4.22.0&#8243; _module_preset=\u00bbdefault\u00bb header_level=\u00bbh1&#8243; header_font=\u00bb|700|||||||\u00bb header_font_size=\u00bb55px\u00bb body_font_size=\u00bb23px\u00bb body_line_height=\u00bb2.2em\u00bb background_color=\u00bbrgba(0,0,0,0.54)\u00bb background_enable_color=\u00bbon\u00bb background_image=\u00bbhttps:\/\/pro.bandofboats.com\/wp-content\/uploads\/2021\/09\/professionnel-vente-bateau-voilier.jpg\u00bb background_enable_image=\u00bbon\u00bb background_blend=\u00bboverlay\u00bb custom_button=\u00bbon\u00bb button_text_size=\u00bb16px\u00bb button_text_color=\u00bb#ffffff\u00bb button_bg_color=\u00bb#ff3944&#8243; button_border_width=\u00bb0px\u00bb button_border_radius=\u00bb5px\u00bb button_font=\u00bbSource Sans Pro||||||||\u00bb button_custom_margin=\u00bb50px||||false|false\u00bb custom_padding=\u00bb||||false|false\u00bb header_font_size_tablet=\u00bb\u00bb header_font_size_phone=\u00bb30px\u00bb header_font_size_last_edited=\u00bbon|phone\u00bb global_colors_info=\u00bb{}\u00bb sticky_transition=\u00bbon\u00bb]<\/p>\n<p>Descubra los servicios de Band of Boats para la venta de embarcaciones usadas y nuevas de stock online<\/p>\n<p>[\/et_pb_slide][\/et_pb_fullwidth_slider][\/et_pb_section][et_pb_section fb_built=\u00bb1&#8243; _builder_version=\u00bb4.16&#8243; _module_preset=\u00bbdefault\u00bb background_color=\u00bb#063462&#8243; custom_margin=\u00bb||||false|false\u00bb custom_padding=\u00bb18px||0px||false|false\u00bb global_colors_info=\u00bb{}\u00bb][et_pb_row column_structure=\u00bb1_4,1_4,1_4,1_4&#8243; _builder_version=\u00bb4.16&#8243; _module_preset=\u00bbdefault\u00bb global_colors_info=\u00bb{}\u00bb][et_pb_column type=\u00bb1_4&#8243; _builder_version=\u00bb4.16&#8243; _module_preset=\u00bbdefault\u00bb global_colors_info=\u00bb{}\u00bb][et_pb_number_counter title=\u00bbprofesionales conf\u00edan en nosotros\u00bb number=\u00bb659&#8243; percent_sign=\u00bboff\u00bb _builder_version=\u00bb4.25.1&#8243; _module_preset=\u00bbdefault\u00bb title_text_color=\u00bb#ffffff\u00bb number_font=\u00bb|700|||||||\u00bb number_text_color=\u00bb#e9f4fa\u00bb number_font_size=\u00bb53px\u00bb global_colors_info=\u00bb{}\u00bb][\/et_pb_number_counter][\/et_pb_column][et_pb_column type=\u00bb1_4&#8243; _builder_version=\u00bb4.16&#8243; _module_preset=\u00bbdefault\u00bb global_colors_info=\u00bb{}\u00bb][et_pb_number_counter title=\u00bbcontactos por anuncio de media\u00bb number=\u00bb6.47&#8243; percent_sign=\u00bboff\u00bb _builder_version=\u00bb4.25.1&#8243; _module_preset=\u00bbdefault\u00bb title_text_color=\u00bb#ffffff\u00bb number_font=\u00bb|700|||||||\u00bb number_text_color=\u00bb#e9f4fa\u00bb number_font_size=\u00bb53px\u00bb global_colors_info=\u00bb{}\u00bb][\/et_pb_number_counter][\/et_pb_column][et_pb_column type=\u00bb1_4&#8243; _builder_version=\u00bb4.16&#8243; _module_preset=\u00bbdefault\u00bb global_colors_info=\u00bb{}\u00bb][et_pb_number_counter title=\u00bbContactos cualificados\/mes \u00bb number=\u00bb4000&#8243; percent_sign=\u00bboff\u00bb _builder_version=\u00bb4.16&#8243; _module_preset=\u00bbdefault\u00bb title_text_color=\u00bb#ffffff\u00bb number_font=\u00bb|700|||||||\u00bb number_text_color=\u00bb#e9f4fa\u00bb number_font_size=\u00bb53px\u00bb global_colors_info=\u00bb{}\u00bb][\/et_pb_number_counter][\/et_pb_column][et_pb_column type=\u00bb1_4&#8243; _builder_version=\u00bb4.16&#8243; _module_preset=\u00bbdefault\u00bb global_colors_info=\u00bb{}\u00bb][et_pb_number_counter title=\u00bbPa\u00edses incluidos\u00bb number=\u00bb25&#8243; percent_sign=\u00bboff\u00bb _builder_version=\u00bb4.16&#8243; _module_preset=\u00bbdefault\u00bb title_text_color=\u00bb#ffffff\u00bb number_font=\u00bb|700|||||||\u00bb number_text_color=\u00bb#e9f4fa\u00bb number_font_size=\u00bb53px\u00bb global_colors_info=\u00bb{}\u00bb][\/et_pb_number_counter][\/et_pb_column][\/et_pb_row][\/et_pb_section][et_pb_section fb_built=\u00bb1&#8243; _builder_version=\u00bb4.16&#8243; _module_preset=\u00bbdefault\u00bb background_color=\u00bb#FFFFFF\u00bb global_colors_info=\u00bb{}\u00bb][et_pb_row column_structure=\u00bb1_2,1_2&#8243; _builder_version=\u00bb4.16&#8243; _module_preset=\u00bbdefault\u00bb global_colors_info=\u00bb{}\u00bb][et_pb_column type=\u00bb1_2&#8243; _builder_version=\u00bb4.16&#8243; _module_preset=\u00bbdefault\u00bb global_colors_info=\u00bb{}\u00bb][et_pb_text _builder_version=\u00bb4.16&#8243; _module_preset=\u00bbdefault\u00bb text_font=\u00bb|600|||||||\u00bb text_text_color=\u00bb#ff3944&#8243; text_font_size=\u00bb26px\u00bb header_font_size=\u00bb9px\u00bb global_colors_info=\u00bb{}\u00bb]<\/p>\n<h2 class=\"register-pro font-h2 text-primaire text-center mb-3\" style=\"text-align: left;\"><span style=\"color: #003366;\"><b>\u00bfTiene una empresa de venta de barcos?<\/b><\/span><\/h2>\n<p>[\/et_pb_text][et_pb_text _builder_version=\u00bb4.16&#8243; _module_preset=\u00bbdefault\u00bb global_colors_info=\u00bb{}\u00bb]<\/p>\n<h5 class=\"register-pro font-subtitle text-steelblue text-center mb-8\">Bienvenido a bordo ! Nuestro equipo est\u00e1 ah\u00ed para apoyarlo y ayudarlo a vender sus barcos en l\u00ednea. Benef\u00edciese de un seguimiento personalizado adaptado a su actividad.<\/h5>\n<h5 class=\"register-pro font-subtitle text-steelblue text-center mb-8\">Descubra nuestros servicios dedicados a profesionales y cree su cuenta profesional.<\/h5>\n<p>[\/et_pb_text][et_pb_button button_url=\u00bbhttps:\/\/www.bandofboats.com\/es\/account\/profile\u00bb button_text=\u00bbCrea mi cuenta profesional\u00bb button_alignment=\u00bbleft\u00bb _builder_version=\u00bb4.16&#8243; _module_preset=\u00bbdefault\u00bb custom_button=\u00bbon\u00bb button_text_size=\u00bb16px\u00bb button_text_color=\u00bb#ffffff\u00bb button_bg_color=\u00bb#063462&#8243; button_border_width=\u00bb0px\u00bb button_border_radius=\u00bb5px\u00bb global_colors_info=\u00bb{}\u00bb][\/et_pb_button][\/et_pb_column][et_pb_column type=\u00bb1_2&#8243; _builder_version=\u00bb4.16&#8243; _module_preset=\u00bbdefault\u00bb global_colors_info=\u00bb{}\u00bb][et_pb_image src=\u00bbhttps:\/\/pro.bandofboats.com\/wp-content\/uploads\/2021\/09\/offres-professionnels-vente-bateaux.png\u00bb title_text=\u00bboffres-professionnels-vente-bateaux\u00bb _builder_version=\u00bb4.16&#8243; _module_preset=\u00bbdefault\u00bb global_colors_info=\u00bb{}\u00bb][\/et_pb_image][\/et_pb_column][\/et_pb_row][\/et_pb_section][et_pb_section fb_built=\u00bb1&#8243; _builder_version=\u00bb4.16&#8243; _module_preset=\u00bbdefault\u00bb background_color=\u00bb#e9f4fa\u00bb global_colors_info=\u00bb{}\u00bb][et_pb_row _builder_version=\u00bb4.16&#8243; _module_preset=\u00bbdefault\u00bb global_colors_info=\u00bb{}\u00bb][et_pb_column type=\u00bb4_4&#8243; _builder_version=\u00bb4.16&#8243; _module_preset=\u00bbdefault\u00bb global_colors_info=\u00bb{}\u00bb][et_pb_text _builder_version=\u00bb4.16&#8243; _module_preset=\u00bbdefault\u00bb text_font=\u00bb|600|||||||\u00bb text_text_color=\u00bb#ff3944&#8243; text_font_size=\u00bb26px\u00bb global_colors_info=\u00bb{}\u00bb]<\/p>\n<h2><strong><span style=\"color: #063264;\">\u00bfC\u00f3mo vender<\/span> <span style=\"color: #ff3944;\">sus barcos en Band of Boats?<\/span><\/strong><\/h2>\n<p>[\/et_pb_text][\/et_pb_column][\/et_pb_row][et_pb_row column_structure=\u00bb1_3,1_3,1_3&#8243; _builder_version=\u00bb4.16&#8243; _module_preset=\u00bbdefault\u00bb global_colors_info=\u00bb{}\u00bb][et_pb_column type=\u00bb1_3&#8243; _builder_version=\u00bb4.16&#8243; _module_preset=\u00bbdefault\u00bb global_colors_info=\u00bb{}\u00bb][et_pb_image src=\u00bbhttps:\/\/pro.bandofboats.com\/wp-content\/uploads\/2021\/09\/vente-bateaux-moteurs-voiliers-port.png\u00bb title_text=\u00bbvente-bateaux-moteurs-voiliers-port\u00bb _builder_version=\u00bb4.16&#8243; _module_preset=\u00bbdefault\u00bb global_colors_info=\u00bb{}\u00bb][\/et_pb_image][\/et_pb_column][et_pb_column type=\u00bb1_3&#8243; _builder_version=\u00bb4.16&#8243; _module_preset=\u00bbdefault\u00bb global_colors_info=\u00bb{}\u00bb][et_pb_text _builder_version=\u00bb4.16&#8243; _module_preset=\u00bbdefault\u00bb global_colors_info=\u00bb{}\u00bb]<\/p>\n<h4><strong><span style=\"color: #003366;\">En pocos pasos<\/span><\/strong><\/h4>\n<p><span style=\"color: #003366;\"><strong>1.<\/strong>\u00a0Cree su cuenta como profesional de la venta de embarcaciones.<\/span><\/p>\n<p><span style=\"color: #003366;\"><strong>2.<\/strong> Nuestro equipo de ventas se pondr\u00e1 en contacto con usted para finalizar su inscripci\u00f3n y elegir los servicios m\u00e1s adecuados para su empresa.<\/span><\/p>\n<p><span style=\"color: #003366;\"><strong>3.<\/strong> Publique sus anuncios manualmente o solicite una importaci\u00f3n autom\u00e1tica de sus anuncios.<\/span><\/p>\n<p><span style=\"color: #003366;\"><strong>4.<\/strong> Complete su p\u00e1gina profesional y gestione las solicitudes de los clientes desde su panel de control.<\/span><\/p>\n<p>[\/et_pb_text][\/et_pb_column][et_pb_column type=\u00bb1_3&#8243; _builder_version=\u00bb4.16&#8243; _module_preset=\u00bbdefault\u00bb global_colors_info=\u00bb{}\u00bb][et_pb_text _builder_version=\u00bb4.25.2&#8243; _module_preset=\u00bbdefault\u00bb hover_enabled=\u00bb0&#8243; global_colors_info=\u00bb{}\u00bb sticky_enabled=\u00bb0&#8243;]<\/p>\n<h4><strong><span style=\"color: #003366;\">\u00bfTiene alguna pregunta? <\/span><\/strong><\/h4>\n<p><span style=\"color: #003366;\">Nuestro equipo estar\u00e1 encantado de responder a todas sus preguntas. <\/span><\/p>\n<p><span style=\"color: #003366;\">Por correo electr\u00f3nico : <strong><a style=\"color: #003366;\" href=\"mailto:contact@bandofboats.com\">contact@bandofboats.com<\/a><\/strong><\/span><\/p>\n<p>[\/et_pb_text][et_pb_button button_url=\u00bb@ET-DC@eyJkeW5hbWljIjp0cnVlLCJjb250ZW50IjoicG9zdF9saW5rX3VybF9wYWdlIiwic2V0dGluZ3MiOnsicG9zdF9pZCI6IjM0MjgifX0=@\u00bb button_text=\u00bbCont\u00e1ctenos\u00bb button_alignment=\u00bbleft\u00bb _builder_version=\u00bb4.24.3&#8243; _dynamic_attributes=\u00bbbutton_url\u00bb _module_preset=\u00bbdefault\u00bb custom_button=\u00bbon\u00bb button_text_size=\u00bb16px\u00bb button_text_color=\u00bb#ffffff\u00bb button_bg_color=\u00bb#063462&#8243; button_border_width=\u00bb0px\u00bb button_border_radius=\u00bb5px\u00bb button_letter_spacing_tablet=\u00bb\u00bb button_letter_spacing_phone=\u00bb\u00bb button_letter_spacing_last_edited=\u00bbon|desktop\u00bb global_colors_info=\u00bb{}\u00bb][\/et_pb_button][\/et_pb_column][\/et_pb_row][\/et_pb_section]<\/p>\n","protected":false},"excerpt":{"rendered":"<p>Descubra los servicios de Band of Boats para la venta de embarcaciones usadas y nuevas de stock online\u00bfTiene una empresa de venta de barcos?Bienvenido a bordo ! Nuestro equipo est\u00e1 ah\u00ed para apoyarlo y ayudarlo a vender sus barcos en l\u00ednea. Benef\u00edciese de un seguimiento personalizado adaptado a su actividad. Descubra nuestros servicios dedicados a [&hellip;]<\/p>\n","protected":false},"author":1,"featured_media":0,"parent":0,"menu_order":0,"comment_status":"closed","ping_status":"closed","template":"","meta":{"_et_pb_use_builder":"on","_et_pb_old_content":"","_et_gb_content_width":"","footnotes":""},"class_list":["post-3609","page","type-page","status-publish","hentry"],"yoast_head":"<!-- This site is optimized with the Yoast SEO plugin v27.5 - https:\/\/yoast.com\/product\/yoast-seo-wordpress\/ -->\n<title>Soluciones para profesionales de la venta de embarcaciones - Band of Boats<\/title>\n<meta name=\"description\" content=\"Band of Boats ayuda a los profesionales de la venta de embarcaciones a vender sus barcos con eficacia.\" \/>\n<meta name=\"robots\" content=\"index, follow, max-snippet:-1, max-image-preview:large, max-video-preview:-1\" \/>\n<link rel=\"canonical\" href=\"https:\/\/pro.bandofboats.com\/es\/\" \/>\n<meta property=\"og:locale\" content=\"es_ES\" \/>\n<meta property=\"og:type\" content=\"article\" \/>\n<meta property=\"og:title\" content=\"Band of Boats - El sitio web dedicado a los profesionales\" \/>\n<meta property=\"og:description\" content=\"Descubra nuestras ofertas dedicadas a los profesionales de la venta de barcos.\" \/>\n<meta property=\"og:url\" content=\"https:\/\/pro.bandofboats.com\/es\/\" \/>\n<meta property=\"og:site_name\" content=\"Band of Boats - Nos offres pour les professionnels\" \/>\n<meta property=\"article:modified_time\" content=\"2024-06-24T13:10:38+00:00\" \/>\n<meta property=\"og:image\" content=\"http:\/\/www.aniaqq.idl.pl\/business-pro\/wp-admin\/admin-ajax.php?action=AGS_divi_business_pro_ags_layouts_get_image&layoutId=4544&image=lc1m370ifXA5rsVH50WK.png#ZmFjZWJvb2staG9tZXBhZ2UucG5n\" \/>\n<meta name=\"twitter:card\" content=\"summary_large_image\" \/>\n<meta name=\"twitter:label1\" content=\"Tiempo de lectura\" \/>\n\t<meta name=\"twitter:data1\" content=\"5 minutos\" \/>\n<script type=\"application\/ld+json\" class=\"yoast-schema-graph\">{\"@context\":\"https:\\\/\\\/schema.org\",\"@graph\":[{\"@type\":\"WebPage\",\"@id\":\"https:\\\/\\\/pro.bandofboats.com\\\/es\\\/\",\"url\":\"https:\\\/\\\/pro.bandofboats.com\\\/es\\\/\",\"name\":\"Soluciones para profesionales de la venta de embarcaciones - Band of Boats\",\"isPartOf\":{\"@id\":\"https:\\\/\\\/pro.bandofboats.com\\\/es\\\/#website\"},\"datePublished\":\"2021-01-13T15:30:27+00:00\",\"dateModified\":\"2024-06-24T13:10:38+00:00\",\"description\":\"Band of Boats ayuda a los profesionales de la venta de embarcaciones a vender sus barcos con eficacia.\",\"breadcrumb\":{\"@id\":\"https:\\\/\\\/pro.bandofboats.com\\\/es\\\/#breadcrumb\"},\"inLanguage\":\"es\",\"potentialAction\":[{\"@type\":\"ReadAction\",\"target\":[\"https:\\\/\\\/pro.bandofboats.com\\\/es\\\/\"]}]},{\"@type\":\"BreadcrumbList\",\"@id\":\"https:\\\/\\\/pro.bandofboats.com\\\/es\\\/#breadcrumb\",\"itemListElement\":[{\"@type\":\"ListItem\",\"position\":1,\"name\":\"Accueil\",\"item\":\"https:\\\/\\\/pro.bandofboats.com\\\/es\\\/\"},{\"@type\":\"ListItem\",\"position\":2,\"name\":\"Inicio\"}]},{\"@type\":\"WebSite\",\"@id\":\"https:\\\/\\\/pro.bandofboats.com\\\/es\\\/#website\",\"url\":\"https:\\\/\\\/pro.bandofboats.com\\\/es\\\/\",\"name\":\"Band of Boats - Nos offres pour les professionnels\",\"description\":\"\",\"potentialAction\":[{\"@type\":\"SearchAction\",\"target\":{\"@type\":\"EntryPoint\",\"urlTemplate\":\"https:\\\/\\\/pro.bandofboats.com\\\/es\\\/?s={search_term_string}\"},\"query-input\":{\"@type\":\"PropertyValueSpecification\",\"valueRequired\":true,\"valueName\":\"search_term_string\"}}],\"inLanguage\":\"es\"}]}<\/script>\n<!-- \/ Yoast SEO plugin. -->","yoast_head_json":{"title":"Soluciones para profesionales de la venta de embarcaciones - Band of Boats","description":"Band of Boats ayuda a los profesionales de la venta de embarcaciones a vender sus barcos con eficacia.","robots":{"index":"index","follow":"follow","max-snippet":"max-snippet:-1","max-image-preview":"max-image-preview:large","max-video-preview":"max-video-preview:-1"},"canonical":"https:\/\/pro.bandofboats.com\/es\/","og_locale":"es_ES","og_type":"article","og_title":"Band of Boats - El sitio web dedicado a los profesionales","og_description":"Descubra nuestras ofertas dedicadas a los profesionales de la venta de barcos.","og_url":"https:\/\/pro.bandofboats.com\/es\/","og_site_name":"Band of Boats - Nos offres pour les professionnels","article_modified_time":"2024-06-24T13:10:38+00:00","og_image":[{"url":"http:\/\/www.aniaqq.idl.pl\/business-pro\/wp-admin\/admin-ajax.php?action=AGS_divi_business_pro_ags_layouts_get_image&layoutId=4544&image=lc1m370ifXA5rsVH50WK.png#ZmFjZWJvb2staG9tZXBhZ2UucG5n","type":"","width":"","height":""}],"twitter_card":"summary_large_image","twitter_misc":{"Tiempo de lectura":"5 minutos"},"schema":{"@context":"https:\/\/schema.org","@graph":[{"@type":"WebPage","@id":"https:\/\/pro.bandofboats.com\/es\/","url":"https:\/\/pro.bandofboats.com\/es\/","name":"Soluciones para profesionales de la venta de embarcaciones - Band of Boats","isPartOf":{"@id":"https:\/\/pro.bandofboats.com\/es\/#website"},"datePublished":"2021-01-13T15:30:27+00:00","dateModified":"2024-06-24T13:10:38+00:00","description":"Band of Boats ayuda a los profesionales de la venta de embarcaciones a vender sus barcos con eficacia.","breadcrumb":{"@id":"https:\/\/pro.bandofboats.com\/es\/#breadcrumb"},"inLanguage":"es","potentialAction":[{"@type":"ReadAction","target":["https:\/\/pro.bandofboats.com\/es\/"]}]},{"@type":"BreadcrumbList","@id":"https:\/\/pro.bandofboats.com\/es\/#breadcrumb","itemListElement":[{"@type":"ListItem","position":1,"name":"Accueil","item":"https:\/\/pro.bandofboats.com\/es\/"},{"@type":"ListItem","position":2,"name":"Inicio"}]},{"@type":"WebSite","@id":"https:\/\/pro.bandofboats.com\/es\/#website","url":"https:\/\/pro.bandofboats.com\/es\/","name":"Band of Boats - Nos offres pour les professionnels","description":"","potentialAction":[{"@type":"SearchAction","target":{"@type":"EntryPoint","urlTemplate":"https:\/\/pro.bandofboats.com\/es\/?s={search_term_string}"},"query-input":{"@type":"PropertyValueSpecification","valueRequired":true,"valueName":"search_term_string"}}],"inLanguage":"es"}]}},"_links":{"self":[{"href":"https:\/\/pro.bandofboats.com\/es\/wp-json\/wp\/v2\/pages\/3609","targetHints":{"allow":["GET"]}}],"collection":[{"href":"https:\/\/pro.bandofboats.com\/es\/wp-json\/wp\/v2\/pages"}],"about":[{"href":"https:\/\/pro.bandofboats.com\/es\/wp-json\/wp\/v2\/types\/page"}],"author":[{"embeddable":true,"href":"https:\/\/pro.bandofboats.com\/es\/wp-json\/wp\/v2\/users\/1"}],"replies":[{"embeddable":true,"href":"https:\/\/pro.bandofboats.com\/es\/wp-json\/wp\/v2\/comments?post=3609"}],"version-history":[{"count":19,"href":"https:\/\/pro.bandofboats.com\/es\/wp-json\/wp\/v2\/pages\/3609\/revisions"}],"predecessor-version":[{"id":5771,"href":"https:\/\/pro.bandofboats.com\/es\/wp-json\/wp\/v2\/pages\/3609\/revisions\/5771"}],"wp:attachment":[{"href":"https:\/\/pro.bandofboats.com\/es\/wp-json\/wp\/v2\/media?parent=3609"}],"curies":[{"name":"wp","href":"https:\/\/api.w.org\/{rel}","templated":true}]}}