{"id":3618,"date":"2021-01-13T15:50:56","date_gmt":"2021-01-13T15:50:56","guid":{"rendered":"https:\/\/pro.bandofboats.com\/startseite\/"},"modified":"2024-06-24T13:16:05","modified_gmt":"2024-06-24T13:16:05","slug":"startseite","status":"publish","type":"page","link":"https:\/\/pro.bandofboats.com\/de\/","title":{"rendered":"Startseite"},"content":{"rendered":"<p>[et_pb_section fb_built=&#8220;1&#8243; fullwidth=&#8220;on&#8220; _builder_version=&#8220;4.16&#8243; _module_preset=&#8220;default&#8220; background_color=&#8220;#ffffff&#8220; global_colors_info=&#8220;{}&#8220;][et_pb_fullwidth_slider _builder_version=&#8220;4.22.0&#8243; _module_preset=&#8220;default&#8220; header_level=&#8220;h1&#8243; height=&#8220;579px&#8220; custom_padding=&#8220;||||false|false&#8220; header_font_size_tablet=&#8220;&#8220; header_font_size_phone=&#8220;20px&#8220; header_font_size_last_edited=&#8220;on|phone&#8220; global_colors_info=&#8220;{}&#8220;][et_pb_slide heading=&#8220;Unsere Angebote f\u00fcr professionelle Yachtmakler&#8220; button_text=&#8220;Bitten Sie um eine Demonstration&#8220; button_link=&#8220;https:\/\/pro.bandofboats.com\/de\/kontakt\/&#8220; _builder_version=&#8220;4.22.0&#8243; _module_preset=&#8220;default&#8220; header_level=&#8220;h1&#8243; header_font=&#8220;|700|||||||&#8220; header_font_size=&#8220;55px&#8220; body_font_size=&#8220;23px&#8220; body_line_height=&#8220;2.2em&#8220; background_color=&#8220;rgba(0,0,0,0.54)&#8220; background_enable_color=&#8220;on&#8220; background_image=&#8220;https:\/\/pro.bandofboats.com\/wp-content\/uploads\/2021\/09\/professionnel-vente-bateau-voilier.jpg&#8220; background_enable_image=&#8220;on&#8220; background_blend=&#8220;overlay&#8220; custom_button=&#8220;on&#8220; button_text_size=&#8220;16px&#8220; button_text_color=&#8220;#ffffff&#8220; button_bg_color=&#8220;#ff3944&#8243; button_border_width=&#8220;0px&#8220; button_border_radius=&#8220;5px&#8220; button_font=&#8220;Source Sans Pro||||||||&#8220; button_custom_margin=&#8220;50px||||false|false&#8220; custom_padding=&#8220;||||false|false&#8220; header_font_size_tablet=&#8220;&#8220; header_font_size_phone=&#8220;30px&#8220; header_font_size_last_edited=&#8220;on|phone&#8220; global_colors_info=&#8220;{}&#8220; sticky_transition=&#8220;on&#8220;]<\/p>\n<p>Entdecken Sie die Dienstleistungen von Band of Boats f\u00fcr den Online-Verkauf von gebrauchten und neuen Booten ab Lager<\/p>\n<p>[\/et_pb_slide][\/et_pb_fullwidth_slider][\/et_pb_section][et_pb_section fb_built=&#8220;1&#8243; _builder_version=&#8220;4.16&#8243; _module_preset=&#8220;default&#8220; background_color=&#8220;#063462&#8243; custom_margin=&#8220;||||false|false&#8220; custom_padding=&#8220;18px||0px||false|false&#8220; global_colors_info=&#8220;{}&#8220;][et_pb_row column_structure=&#8220;1_4,1_4,1_4,1_4&#8243; _builder_version=&#8220;4.16&#8243; _module_preset=&#8220;default&#8220; global_colors_info=&#8220;{}&#8220;][et_pb_column type=&#8220;1_4&#8243; _builder_version=&#8220;4.16&#8243; _module_preset=&#8220;default&#8220; global_colors_info=&#8220;{}&#8220;][et_pb_number_counter title=&#8220;Fachleute vertrauen uns!&#8220; number=&#8220;659&#8243; percent_sign=&#8220;off&#8220; _builder_version=&#8220;4.25.1&#8243; _module_preset=&#8220;default&#8220; title_text_color=&#8220;#ffffff&#8220; number_font=&#8220;|700|||||||&#8220; number_text_color=&#8220;#e9f4fa&#8220; number_font_size=&#8220;53px&#8220; global_colors_info=&#8220;{}&#8220;][\/et_pb_number_counter][\/et_pb_column][et_pb_column type=&#8220;1_4&#8243; _builder_version=&#8220;4.16&#8243; _module_preset=&#8220;default&#8220; global_colors_info=&#8220;{}&#8220;][et_pb_number_counter title=&#8220;leads pro Anzeige im Durchschnitt&#8220; number=&#8220;6.47&#8243; percent_sign=&#8220;off&#8220; _builder_version=&#8220;4.25.1&#8243; _module_preset=&#8220;default&#8220; title_text_color=&#8220;#ffffff&#8220; number_font=&#8220;|700|||||||&#8220; number_text_color=&#8220;#e9f4fa&#8220; number_font_size=&#8220;53px&#8220; global_colors_info=&#8220;{}&#8220;][\/et_pb_number_counter][\/et_pb_column][et_pb_column type=&#8220;1_4&#8243; _builder_version=&#8220;4.16&#8243; _module_preset=&#8220;default&#8220; global_colors_info=&#8220;{}&#8220;][et_pb_number_counter title=&#8220;Qualifizierte Kontakte&#8220; number=&#8220;4000&#8243; percent_sign=&#8220;off&#8220; _builder_version=&#8220;4.16&#8243; _module_preset=&#8220;default&#8220; title_text_color=&#8220;#ffffff&#8220; number_font=&#8220;|700|||||||&#8220; number_text_color=&#8220;#e9f4fa&#8220; number_font_size=&#8220;53px&#8220; global_colors_info=&#8220;{}&#8220;][\/et_pb_number_counter][\/et_pb_column][et_pb_column type=&#8220;1_4&#8243; _builder_version=&#8220;4.16&#8243; _module_preset=&#8220;default&#8220; global_colors_info=&#8220;{}&#8220;][et_pb_number_counter title=&#8220;Eingeschlossen L\u00e4nder&#8220; number=&#8220;25&#8243; percent_sign=&#8220;off&#8220; _builder_version=&#8220;4.16&#8243; _module_preset=&#8220;default&#8220; title_text_color=&#8220;#ffffff&#8220; number_font=&#8220;|700|||||||&#8220; number_text_color=&#8220;#e9f4fa&#8220; number_font_size=&#8220;53px&#8220; global_colors_info=&#8220;{}&#8220;][\/et_pb_number_counter][\/et_pb_column][\/et_pb_row][\/et_pb_section][et_pb_section fb_built=&#8220;1&#8243; _builder_version=&#8220;4.16&#8243; _module_preset=&#8220;default&#8220; background_color=&#8220;#FFFFFF&#8220; global_colors_info=&#8220;{}&#8220;][et_pb_row column_structure=&#8220;1_2,1_2&#8243; _builder_version=&#8220;4.16&#8243; _module_preset=&#8220;default&#8220; global_colors_info=&#8220;{}&#8220;][et_pb_column type=&#8220;1_2&#8243; _builder_version=&#8220;4.16&#8243; _module_preset=&#8220;default&#8220; global_colors_info=&#8220;{}&#8220;][et_pb_text _builder_version=&#8220;4.16&#8243; _module_preset=&#8220;default&#8220; text_font=&#8220;|600|||||||&#8220; text_text_color=&#8220;#ff3944&#8243; text_font_size=&#8220;26px&#8220; header_font_size=&#8220;9px&#8220; global_colors_info=&#8220;{}&#8220;]<\/p>\n<h2 class=\"register-pro font-h2 text-primaire text-center mb-3\" style=\"text-align: left;\"><span style=\"color: #003366;\"><b>Sind Sie ein professioneller Bootsverk\u00e4ufer?<\/b><\/span><\/h2>\n<p>[\/et_pb_text][et_pb_text _builder_version=&#8220;4.16&#8243; _module_preset=&#8220;default&#8220; global_colors_info=&#8220;{}&#8220;]<\/p>\n<h5 class=\"register-pro font-subtitle text-steelblue text-center mb-8\">Willkommen an Bord! Unser Team steht Ihnen zur Seite und hilft Ihnen, Ihre Boote online zu verkaufen. Profitieren Sie von einer pers\u00f6nlichen Betreuung, die auf Ihre T\u00e4tigkeit abgestimmt ist.<\/h5>\n<h5 class=\"register-pro font-subtitle text-steelblue text-center mb-8\">Entdecken Sie unsere Dienstleistungen f\u00fcr Bootsh\u00e4ndler und erstellen Sie Ihr professionelles Konto.<\/h5>\n<p>[\/et_pb_text][et_pb_button button_url=&#8220;https:\/\/www.bandofboats.com\/de\/account\/profile&#8220; button_text=&#8220;Mein professionelles Konto erstellen&#8220; button_alignment=&#8220;left&#8220; _builder_version=&#8220;4.16&#8243; _module_preset=&#8220;default&#8220; custom_button=&#8220;on&#8220; button_text_size=&#8220;16px&#8220; button_text_color=&#8220;#ffffff&#8220; button_bg_color=&#8220;#063462&#8243; button_border_width=&#8220;0px&#8220; button_border_radius=&#8220;5px&#8220; global_colors_info=&#8220;{}&#8220;][\/et_pb_button][\/et_pb_column][et_pb_column type=&#8220;1_2&#8243; _builder_version=&#8220;4.16&#8243; _module_preset=&#8220;default&#8220; global_colors_info=&#8220;{}&#8220;][et_pb_image src=&#8220;https:\/\/pro.bandofboats.com\/wp-content\/uploads\/2021\/09\/offres-professionnels-vente-bateaux.png&#8220; title_text=&#8220;offres-professionnels-vente-bateaux&#8220; _builder_version=&#8220;4.16&#8243; _module_preset=&#8220;default&#8220; global_colors_info=&#8220;{}&#8220;][\/et_pb_image][\/et_pb_column][\/et_pb_row][\/et_pb_section][et_pb_section fb_built=&#8220;1&#8243; _builder_version=&#8220;4.16&#8243; _module_preset=&#8220;default&#8220; background_color=&#8220;#e9f4fa&#8220; global_colors_info=&#8220;{}&#8220;][et_pb_row _builder_version=&#8220;4.16&#8243; _module_preset=&#8220;default&#8220; global_colors_info=&#8220;{}&#8220;][et_pb_column type=&#8220;4_4&#8243; _builder_version=&#8220;4.16&#8243; _module_preset=&#8220;default&#8220; global_colors_info=&#8220;{}&#8220;][et_pb_text _builder_version=&#8220;4.16&#8243; _module_preset=&#8220;default&#8220; text_font=&#8220;|600|||||||&#8220; text_text_color=&#8220;#ff3944&#8243; text_font_size=&#8220;26px&#8220; global_colors_info=&#8220;{}&#8220;]<\/p>\n<h2><strong><span style=\"color: #063264;\">Wie kann man seine Boote auf <\/span> <span style=\"color: #ff3944;\">Band of Boats verkaufen?<\/span><\/strong><\/h2>\n<p>[\/et_pb_text][\/et_pb_column][\/et_pb_row][et_pb_row column_structure=&#8220;1_3,1_3,1_3&#8243; _builder_version=&#8220;4.16&#8243; _module_preset=&#8220;default&#8220; global_colors_info=&#8220;{}&#8220;][et_pb_column type=&#8220;1_3&#8243; _builder_version=&#8220;4.16&#8243; _module_preset=&#8220;default&#8220; global_colors_info=&#8220;{}&#8220;][et_pb_image src=&#8220;https:\/\/pro.bandofboats.com\/wp-content\/uploads\/2021\/09\/vente-bateaux-moteurs-voiliers-port.png&#8220; title_text=&#8220;vente-bateaux-moteurs-voiliers-port&#8220; _builder_version=&#8220;4.16&#8243; _module_preset=&#8220;default&#8220; global_colors_info=&#8220;{}&#8220;][\/et_pb_image][\/et_pb_column][et_pb_column type=&#8220;1_3&#8243; _builder_version=&#8220;4.16&#8243; _module_preset=&#8220;default&#8220; global_colors_info=&#8220;{}&#8220;][et_pb_text _builder_version=&#8220;4.16&#8243; _module_preset=&#8220;default&#8220; global_colors_info=&#8220;{}&#8220;]<\/p>\n<h4><strong><span style=\"color: #003366;\">In nur wenigen Schritten<\/span><\/strong><\/h4>\n<p><span style=\"color: #003366;\"><strong>1.<\/strong> Erstellen Sie Ihr Konto als professioneller Bootsverk\u00e4ufer.<\/span><\/p>\n<p><span style=\"color: #003366;\"><strong>2.<\/strong> Unser Vertriebsteam wird sich mit Ihnen in Verbindung setzen, um Ihre Registrierung abzuschlie\u00dfen und die f\u00fcr Ihr Unternehmen geeigneten Dienstleistungen auszuw\u00e4hlen.<\/span><\/p>\n<p><span style=\"color: #003366;\"><strong>3.<\/strong> Ver\u00f6ffentlichen Sie Ihre Anzeigen manuell oder fordern Sie einen automatischen Import Ihrer Anzeigen an.<\/span><\/p>\n<p><span style=\"color: #003366;\"><strong>4.<\/strong> Vervollst\u00e4ndigen Sie Ihre Gesch\u00e4ftsseite und verwalten Sie Kundenanfragen \u00fcber Ihr Dashboard.<\/span><\/p>\n<p>[\/et_pb_text][\/et_pb_column][et_pb_column type=&#8220;1_3&#8243; _builder_version=&#8220;4.16&#8243; _module_preset=&#8220;default&#8220; global_colors_info=&#8220;{}&#8220;][et_pb_text _builder_version=&#8220;4.25.2&#8243; _module_preset=&#8220;default&#8220; global_colors_info=&#8220;{}&#8220;]<\/p>\n<h4><strong><span style=\"color: #003366;\">Haben Sie noch Fragen?<\/span><\/strong><\/h4>\n<p><span style=\"color: #003366;\">Unser Team steht zu Ihrer Verf\u00fcgung, um alle Ihre Fragen zu beantworten. <\/span><\/p>\n<p><span style=\"color: #003366;\">Per e-mail : <strong><a style=\"color: #003366;\" href=\"mailto:contact@bandofboats.com\">contact@bandofboats.com<\/a><\/strong><\/span><\/p>\n<p>[\/et_pb_text][et_pb_button button_url=&#8220;@ET-DC@eyJkeW5hbWljIjp0cnVlLCJjb250ZW50IjoicG9zdF9saW5rX3VybF9wYWdlIiwic2V0dGluZ3MiOnsicG9zdF9pZCI6IjM0MjgifX0=@&#8220; button_text=&#8220;Kontakt &#8220; button_alignment=&#8220;left&#8220; _builder_version=&#8220;4.24.3&#8243; _dynamic_attributes=&#8220;button_url&#8220; _module_preset=&#8220;default&#8220; custom_button=&#8220;on&#8220; button_text_size=&#8220;16px&#8220; button_text_color=&#8220;#ffffff&#8220; button_bg_color=&#8220;#063462&#8243; button_border_width=&#8220;0px&#8220; button_border_radius=&#8220;5px&#8220; button_letter_spacing_tablet=&#8220;&#8220; button_letter_spacing_phone=&#8220;&#8220; button_letter_spacing_last_edited=&#8220;on|desktop&#8220; global_colors_info=&#8220;{}&#8220;][\/et_pb_button][\/et_pb_column][\/et_pb_row][\/et_pb_section]<\/p>\n","protected":false},"excerpt":{"rendered":"<p>Entdecken Sie die Dienstleistungen von Band of Boats f\u00fcr den Online-Verkauf von gebrauchten und neuen Booten ab LagerSind Sie ein professioneller Bootsverk\u00e4ufer?Willkommen an Bord! Unser Team steht Ihnen zur Seite und hilft Ihnen, Ihre Boote online zu verkaufen. Profitieren Sie von einer pers\u00f6nlichen Betreuung, die auf Ihre T\u00e4tigkeit abgestimmt ist. Entdecken Sie unsere Dienstleistungen f\u00fcr [&hellip;]<\/p>\n","protected":false},"author":1,"featured_media":0,"parent":0,"menu_order":0,"comment_status":"closed","ping_status":"closed","template":"","meta":{"_et_pb_use_builder":"on","_et_pb_old_content":"","_et_gb_content_width":"","footnotes":""},"class_list":["post-3618","page","type-page","status-publish","hentry"],"yoast_head":"<!-- This site is optimized with the Yoast SEO plugin v27.4 - https:\/\/yoast.com\/product\/yoast-seo-wordpress\/ -->\n<title>L\u00f6sungen f\u00fcr professionelle Bootsverk\u00e4ufer - Band of Boats<\/title>\n<meta name=\"description\" content=\"Band of Boats begleitet professionelle Bootsverk\u00e4ufer dabei, ihre Anzeigen zu verbreiten und effektiv zu verkaufen.\" \/>\n<meta name=\"robots\" content=\"index, follow, max-snippet:-1, max-image-preview:large, max-video-preview:-1\" \/>\n<link rel=\"canonical\" href=\"https:\/\/pro.bandofboats.com\/de\/\" \/>\n<meta property=\"og:locale\" content=\"de_DE\" \/>\n<meta property=\"og:type\" content=\"article\" \/>\n<meta property=\"og:title\" content=\"Band of Boats - Website f\u00fcr Profi\" \/>\n<meta property=\"og:description\" content=\"Entdecken Sie unsere Angeboten f\u00fcr neue\" \/>\n<meta property=\"og:url\" content=\"https:\/\/pro.bandofboats.com\/de\/\" \/>\n<meta property=\"og:site_name\" content=\"Band of Boats - Nos offres pour les professionnels\" \/>\n<meta property=\"article:modified_time\" content=\"2024-06-24T13:16:05+00:00\" \/>\n<meta property=\"og:image\" content=\"http:\/\/www.aniaqq.idl.pl\/business-pro\/wp-admin\/admin-ajax.php?action=AGS_divi_business_pro_ags_layouts_get_image&layoutId=4544&image=lc1m370ifXA5rsVH50WK.png#ZmFjZWJvb2staG9tZXBhZ2UucG5n\" \/>\n<meta name=\"twitter:card\" content=\"summary_large_image\" \/>\n<meta name=\"twitter:label1\" content=\"Gesch\u00e4tzte Lesezeit\" \/>\n\t<meta name=\"twitter:data1\" content=\"5\u00a0Minuten\" \/>\n<script type=\"application\/ld+json\" class=\"yoast-schema-graph\">{\"@context\":\"https:\\\/\\\/schema.org\",\"@graph\":[{\"@type\":\"WebPage\",\"@id\":\"https:\\\/\\\/pro.bandofboats.com\\\/de\\\/\",\"url\":\"https:\\\/\\\/pro.bandofboats.com\\\/de\\\/\",\"name\":\"L\u00f6sungen f\u00fcr professionelle Bootsverk\u00e4ufer - Band of Boats\",\"isPartOf\":{\"@id\":\"https:\\\/\\\/pro.bandofboats.com\\\/de\\\/#website\"},\"datePublished\":\"2021-01-13T15:50:56+00:00\",\"dateModified\":\"2024-06-24T13:16:05+00:00\",\"description\":\"Band of Boats begleitet professionelle Bootsverk\u00e4ufer dabei, ihre Anzeigen zu verbreiten und effektiv zu verkaufen.\",\"breadcrumb\":{\"@id\":\"https:\\\/\\\/pro.bandofboats.com\\\/de\\\/#breadcrumb\"},\"inLanguage\":\"de\",\"potentialAction\":[{\"@type\":\"ReadAction\",\"target\":[\"https:\\\/\\\/pro.bandofboats.com\\\/de\\\/\"]}]},{\"@type\":\"BreadcrumbList\",\"@id\":\"https:\\\/\\\/pro.bandofboats.com\\\/de\\\/#breadcrumb\",\"itemListElement\":[{\"@type\":\"ListItem\",\"position\":1,\"name\":\"Accueil\",\"item\":\"https:\\\/\\\/pro.bandofboats.com\\\/de\\\/\"},{\"@type\":\"ListItem\",\"position\":2,\"name\":\"Startseite\"}]},{\"@type\":\"WebSite\",\"@id\":\"https:\\\/\\\/pro.bandofboats.com\\\/de\\\/#website\",\"url\":\"https:\\\/\\\/pro.bandofboats.com\\\/de\\\/\",\"name\":\"Band of Boats - Nos offres pour les professionnels\",\"description\":\"\",\"potentialAction\":[{\"@type\":\"SearchAction\",\"target\":{\"@type\":\"EntryPoint\",\"urlTemplate\":\"https:\\\/\\\/pro.bandofboats.com\\\/de\\\/?s={search_term_string}\"},\"query-input\":{\"@type\":\"PropertyValueSpecification\",\"valueRequired\":true,\"valueName\":\"search_term_string\"}}],\"inLanguage\":\"de\"}]}<\/script>\n<!-- \/ Yoast SEO plugin. -->","yoast_head_json":{"title":"L\u00f6sungen f\u00fcr professionelle Bootsverk\u00e4ufer - Band of Boats","description":"Band of Boats begleitet professionelle Bootsverk\u00e4ufer dabei, ihre Anzeigen zu verbreiten und effektiv zu verkaufen.","robots":{"index":"index","follow":"follow","max-snippet":"max-snippet:-1","max-image-preview":"max-image-preview:large","max-video-preview":"max-video-preview:-1"},"canonical":"https:\/\/pro.bandofboats.com\/de\/","og_locale":"de_DE","og_type":"article","og_title":"Band of Boats - Website f\u00fcr Profi","og_description":"Entdecken Sie unsere Angeboten f\u00fcr neue","og_url":"https:\/\/pro.bandofboats.com\/de\/","og_site_name":"Band of Boats - Nos offres pour les professionnels","article_modified_time":"2024-06-24T13:16:05+00:00","og_image":[{"url":"http:\/\/www.aniaqq.idl.pl\/business-pro\/wp-admin\/admin-ajax.php?action=AGS_divi_business_pro_ags_layouts_get_image&layoutId=4544&image=lc1m370ifXA5rsVH50WK.png#ZmFjZWJvb2staG9tZXBhZ2UucG5n","type":"","width":"","height":""}],"twitter_card":"summary_large_image","twitter_misc":{"Gesch\u00e4tzte Lesezeit":"5\u00a0Minuten"},"schema":{"@context":"https:\/\/schema.org","@graph":[{"@type":"WebPage","@id":"https:\/\/pro.bandofboats.com\/de\/","url":"https:\/\/pro.bandofboats.com\/de\/","name":"L\u00f6sungen f\u00fcr professionelle Bootsverk\u00e4ufer - Band of Boats","isPartOf":{"@id":"https:\/\/pro.bandofboats.com\/de\/#website"},"datePublished":"2021-01-13T15:50:56+00:00","dateModified":"2024-06-24T13:16:05+00:00","description":"Band of Boats begleitet professionelle Bootsverk\u00e4ufer dabei, ihre Anzeigen zu verbreiten und effektiv zu verkaufen.","breadcrumb":{"@id":"https:\/\/pro.bandofboats.com\/de\/#breadcrumb"},"inLanguage":"de","potentialAction":[{"@type":"ReadAction","target":["https:\/\/pro.bandofboats.com\/de\/"]}]},{"@type":"BreadcrumbList","@id":"https:\/\/pro.bandofboats.com\/de\/#breadcrumb","itemListElement":[{"@type":"ListItem","position":1,"name":"Accueil","item":"https:\/\/pro.bandofboats.com\/de\/"},{"@type":"ListItem","position":2,"name":"Startseite"}]},{"@type":"WebSite","@id":"https:\/\/pro.bandofboats.com\/de\/#website","url":"https:\/\/pro.bandofboats.com\/de\/","name":"Band of Boats - Nos offres pour les professionnels","description":"","potentialAction":[{"@type":"SearchAction","target":{"@type":"EntryPoint","urlTemplate":"https:\/\/pro.bandofboats.com\/de\/?s={search_term_string}"},"query-input":{"@type":"PropertyValueSpecification","valueRequired":true,"valueName":"search_term_string"}}],"inLanguage":"de"}]}},"_links":{"self":[{"href":"https:\/\/pro.bandofboats.com\/de\/wp-json\/wp\/v2\/pages\/3618","targetHints":{"allow":["GET"]}}],"collection":[{"href":"https:\/\/pro.bandofboats.com\/de\/wp-json\/wp\/v2\/pages"}],"about":[{"href":"https:\/\/pro.bandofboats.com\/de\/wp-json\/wp\/v2\/types\/page"}],"author":[{"embeddable":true,"href":"https:\/\/pro.bandofboats.com\/de\/wp-json\/wp\/v2\/users\/1"}],"replies":[{"embeddable":true,"href":"https:\/\/pro.bandofboats.com\/de\/wp-json\/wp\/v2\/comments?post=3618"}],"version-history":[{"count":14,"href":"https:\/\/pro.bandofboats.com\/de\/wp-json\/wp\/v2\/pages\/3618\/revisions"}],"predecessor-version":[{"id":5779,"href":"https:\/\/pro.bandofboats.com\/de\/wp-json\/wp\/v2\/pages\/3618\/revisions\/5779"}],"wp:attachment":[{"href":"https:\/\/pro.bandofboats.com\/de\/wp-json\/wp\/v2\/media?parent=3618"}],"curies":[{"name":"wp","href":"https:\/\/api.w.org\/{rel}","templated":true}]}}